{"id":514,"date":"2025-05-28T14:07:08","date_gmt":"2025-05-28T14:07:08","guid":{"rendered":"https:\/\/apotheek4fonteinen.be\/?page_id=514"},"modified":"2025-05-28T14:11:50","modified_gmt":"2025-05-28T14:11:50","slug":"eyelove","status":"publish","type":"page","link":"https:\/\/apotheek4fonteinen.be\/fr\/eyelove\/","title":{"rendered":"Eyelove"},"content":{"rendered":"","protected":false},"excerpt":{"rendered":"","protected":false},"author":4,"featured_media":0,"parent":0,"menu_order":0,"comment_status":"closed","ping_status":"closed","template":"","meta":[],"acf":[],"yoast_head":"<!-- This site is optimized with the Yoast SEO plugin v19.10 - https:\/\/yoast.com\/wordpress\/plugins\/seo\/ -->\n<title>Eyelove - Apotheek 4 Fonteinen<\/title>\n<meta name=\"description\" content=\"Pharmacie 4 Fonteinen fait partie d&#039;un r\u00e9seau de points de soins www.zorgpunt.eu. Nous voulons ainsi aider autant que possible tous nos clients qui recherchent des \u00e9quipements pour les soins \u00e0 domicile ou qui souhaitent simplement rester chez eux plus longtemps avec une assistance. Cela peut aller d&#039;un bas de No\u00ebl \u00e0 un lit complet, livr\u00e9 enti\u00e8rement \u00e0 domicile pour la p\u00e9riode requise.\" \/>\n<meta name=\"robots\" content=\"index, follow, max-snippet:-1, max-image-preview:large, max-video-preview:-1\" \/>\n<link rel=\"canonical\" href=\"https:\/\/apotheek4fonteinen.be\/fr\/eyelove\/\" \/>\n<meta property=\"og:locale\" content=\"fr_FR\" \/>\n<meta property=\"og:type\" content=\"article\" \/>\n<meta property=\"og:title\" content=\"Eyelove - Apotheek 4 Fonteinen\" \/>\n<meta property=\"og:description\" content=\"Pharmacie 4 Fonteinen fait partie d&#039;un r\u00e9seau de points de soins www.zorgpunt.eu. Nous voulons ainsi aider autant que possible tous nos clients qui recherchent des \u00e9quipements pour les soins \u00e0 domicile ou qui souhaitent simplement rester chez eux plus longtemps avec une assistance. Cela peut aller d&#039;un bas de No\u00ebl \u00e0 un lit complet, livr\u00e9 enti\u00e8rement \u00e0 domicile pour la p\u00e9riode requise.\" \/>\n<meta property=\"og:url\" content=\"https:\/\/apotheek4fonteinen.be\/fr\/eyelove\/\" \/>\n<meta property=\"og:site_name\" content=\"Apotheek 4 Fonteinen\" \/>\n<meta property=\"article:modified_time\" content=\"2025-05-28T14:11:50+00:00\" \/>\n<meta name=\"twitter:card\" content=\"summary_large_image\" \/>\n<script type=\"application\/ld+json\" class=\"yoast-schema-graph\">{\"@context\":\"https:\/\/schema.org\",\"@graph\":[{\"@type\":\"WebPage\",\"@id\":\"https:\/\/apotheek4fonteinen.be\/fr\/eyelove\/\",\"url\":\"https:\/\/apotheek4fonteinen.be\/fr\/eyelove\/\",\"name\":\"Eyelove - Apotheek 4 Fonteinen\",\"isPartOf\":{\"@id\":\"https:\/\/apotheek4fonteinen.be\/#website\"},\"datePublished\":\"2025-05-28T14:07:08+00:00\",\"dateModified\":\"2025-05-28T14:11:50+00:00\",\"description\":\"Pharmacie 4 Fonteinen fait partie d'un r\u00e9seau de points de soins www.zorgpunt.eu. Nous voulons ainsi aider autant que possible tous nos clients qui recherchent des \u00e9quipements pour les soins \u00e0 domicile ou qui souhaitent simplement rester chez eux plus longtemps avec une assistance. Cela peut aller d'un bas de No\u00ebl \u00e0 un lit complet, livr\u00e9 enti\u00e8rement \u00e0 domicile pour la p\u00e9riode requise.\",\"breadcrumb\":{\"@id\":\"https:\/\/apotheek4fonteinen.be\/fr\/eyelove\/#breadcrumb\"},\"inLanguage\":\"fr-FR\",\"potentialAction\":[{\"@type\":\"ReadAction\",\"target\":[\"https:\/\/apotheek4fonteinen.be\/fr\/eyelove\/\"]}]},{\"@type\":\"BreadcrumbList\",\"@id\":\"https:\/\/apotheek4fonteinen.be\/fr\/eyelove\/#breadcrumb\",\"itemListElement\":[{\"@type\":\"ListItem\",\"position\":1,\"name\":\"Home\",\"item\":\"https:\/\/apotheek4fonteinen.be\/fr\/\"},{\"@type\":\"ListItem\",\"position\":2,\"name\":\"Eyelove\"}]},{\"@type\":\"WebSite\",\"@id\":\"https:\/\/apotheek4fonteinen.be\/#website\",\"url\":\"https:\/\/apotheek4fonteinen.be\/\",\"name\":\"Apotheek 4 Fonteinen\",\"description\":\"Apotheek 4 Fonteinen\",\"potentialAction\":[{\"@type\":\"SearchAction\",\"target\":{\"@type\":\"EntryPoint\",\"urlTemplate\":\"https:\/\/apotheek4fonteinen.be\/?s={search_term_string}\"},\"query-input\":\"required name=search_term_string\"}],\"inLanguage\":\"fr-FR\"}]}<\/script>\n<!-- \/ Yoast SEO plugin. -->","yoast_head_json":{"title":"Eyelove - Apotheek 4 Fonteinen","description":"Pharmacie 4 Fonteinen fait partie d'un r\u00e9seau de points de soins www.zorgpunt.eu. Nous voulons ainsi aider autant que possible tous nos clients qui recherchent des \u00e9quipements pour les soins \u00e0 domicile ou qui souhaitent simplement rester chez eux plus longtemps avec une assistance. Cela peut aller d'un bas de No\u00ebl \u00e0 un lit complet, livr\u00e9 enti\u00e8rement \u00e0 domicile pour la p\u00e9riode requise.","robots":{"index":"index","follow":"follow","max-snippet":"max-snippet:-1","max-image-preview":"max-image-preview:large","max-video-preview":"max-video-preview:-1"},"canonical":"https:\/\/apotheek4fonteinen.be\/fr\/eyelove\/","og_locale":"fr_FR","og_type":"article","og_title":"Eyelove - Apotheek 4 Fonteinen","og_description":"Pharmacie 4 Fonteinen fait partie d'un r\u00e9seau de points de soins www.zorgpunt.eu. Nous voulons ainsi aider autant que possible tous nos clients qui recherchent des \u00e9quipements pour les soins \u00e0 domicile ou qui souhaitent simplement rester chez eux plus longtemps avec une assistance. Cela peut aller d'un bas de No\u00ebl \u00e0 un lit complet, livr\u00e9 enti\u00e8rement \u00e0 domicile pour la p\u00e9riode requise.","og_url":"https:\/\/apotheek4fonteinen.be\/fr\/eyelove\/","og_site_name":"Apotheek 4 Fonteinen","article_modified_time":"2025-05-28T14:11:50+00:00","twitter_card":"summary_large_image","schema":{"@context":"https:\/\/schema.org","@graph":[{"@type":"WebPage","@id":"https:\/\/apotheek4fonteinen.be\/fr\/eyelove\/","url":"https:\/\/apotheek4fonteinen.be\/fr\/eyelove\/","name":"Eyelove - Apotheek 4 Fonteinen","isPartOf":{"@id":"https:\/\/apotheek4fonteinen.be\/#website"},"datePublished":"2025-05-28T14:07:08+00:00","dateModified":"2025-05-28T14:11:50+00:00","description":"Pharmacie 4 Fonteinen fait partie d'un r\u00e9seau de points de soins www.zorgpunt.eu. Nous voulons ainsi aider autant que possible tous nos clients qui recherchent des \u00e9quipements pour les soins \u00e0 domicile ou qui souhaitent simplement rester chez eux plus longtemps avec une assistance. Cela peut aller d'un bas de No\u00ebl \u00e0 un lit complet, livr\u00e9 enti\u00e8rement \u00e0 domicile pour la p\u00e9riode requise.","breadcrumb":{"@id":"https:\/\/apotheek4fonteinen.be\/fr\/eyelove\/#breadcrumb"},"inLanguage":"fr-FR","potentialAction":[{"@type":"ReadAction","target":["https:\/\/apotheek4fonteinen.be\/fr\/eyelove\/"]}]},{"@type":"BreadcrumbList","@id":"https:\/\/apotheek4fonteinen.be\/fr\/eyelove\/#breadcrumb","itemListElement":[{"@type":"ListItem","position":1,"name":"Home","item":"https:\/\/apotheek4fonteinen.be\/fr\/"},{"@type":"ListItem","position":2,"name":"Eyelove"}]},{"@type":"WebSite","@id":"https:\/\/apotheek4fonteinen.be\/#website","url":"https:\/\/apotheek4fonteinen.be\/","name":"Apotheek 4 Fonteinen","description":"Apotheek 4 Fonteinen","potentialAction":[{"@type":"SearchAction","target":{"@type":"EntryPoint","urlTemplate":"https:\/\/apotheek4fonteinen.be\/?s={search_term_string}"},"query-input":"required name=search_term_string"}],"inLanguage":"fr-FR"}]}},"_links":{"self":[{"href":"https:\/\/apotheek4fonteinen.be\/fr\/wp-json\/wp\/v2\/pages\/514"}],"collection":[{"href":"https:\/\/apotheek4fonteinen.be\/fr\/wp-json\/wp\/v2\/pages"}],"about":[{"href":"https:\/\/apotheek4fonteinen.be\/fr\/wp-json\/wp\/v2\/types\/page"}],"author":[{"embeddable":true,"href":"https:\/\/apotheek4fonteinen.be\/fr\/wp-json\/wp\/v2\/users\/4"}],"replies":[{"embeddable":true,"href":"https:\/\/apotheek4fonteinen.be\/fr\/wp-json\/wp\/v2\/comments?post=514"}],"version-history":[{"count":4,"href":"https:\/\/apotheek4fonteinen.be\/fr\/wp-json\/wp\/v2\/pages\/514\/revisions"}],"predecessor-version":[{"id":520,"href":"https:\/\/apotheek4fonteinen.be\/fr\/wp-json\/wp\/v2\/pages\/514\/revisions\/520"}],"wp:attachment":[{"href":"https:\/\/apotheek4fonteinen.be\/fr\/wp-json\/wp\/v2\/media?parent=514"}],"curies":[{"name":"wp","href":"https:\/\/api.w.org\/{rel}","templated":true}]}}